{"id":251,"date":"2025-04-14T12:45:23","date_gmt":"2025-04-14T10:45:23","guid":{"rendered":"https:\/\/landhouse.local\/?page_id=251"},"modified":"2025-05-28T12:36:22","modified_gmt":"2025-05-28T10:36:22","slug":"uber-uns","status":"publish","type":"page","link":"https:\/\/www.landhouse.si\/de\/uber-uns\/","title":{"rendered":"\u00dcber uns"},"content":{"rendered":"","protected":false},"excerpt":{"rendered":"<p>Unser Haus erz\u00e4hlt eine Geschichte, die mehr als 250 Jahre zur\u00fcckreicht \u2013 in eine Zeit, in der das Leben im Dorf Selo bei Bled eng mit der Erde, harter Arbeit und Gastfreundschaft verbunden war. <\/p>","protected":false},"author":1,"featured_media":0,"parent":0,"menu_order":0,"comment_status":"closed","ping_status":"closed","template":"","meta":{"iawp_total_views":152,"footnotes":""},"class_list":["post-251","page","type-page","status-publish","hentry"],"acpt":{"meta":[{"meta_box":"header","meta_fields":[{"name":"overlay-dark","type":"Toggle","options":[],"value":"0","default":"","required":false,"showInAdmin":false,"advancedOptions":[]},{"name":"feature","type":"Image","options":[],"value":null,"default":"","required":false,"showInAdmin":false,"advancedOptions":[]}]}]},"_links":{"self":[{"href":"https:\/\/www.landhouse.si\/de\/wp-json\/wp\/v2\/pages\/251","targetHints":{"allow":["GET"]}}],"collection":[{"href":"https:\/\/www.landhouse.si\/de\/wp-json\/wp\/v2\/pages"}],"about":[{"href":"https:\/\/www.landhouse.si\/de\/wp-json\/wp\/v2\/types\/page"}],"author":[{"embeddable":true,"href":"https:\/\/www.landhouse.si\/de\/wp-json\/wp\/v2\/users\/1"}],"replies":[{"embeddable":true,"href":"https:\/\/www.landhouse.si\/de\/wp-json\/wp\/v2\/comments?post=251"}],"version-history":[{"count":47,"href":"https:\/\/www.landhouse.si\/de\/wp-json\/wp\/v2\/pages\/251\/revisions"}],"predecessor-version":[{"id":1947,"href":"https:\/\/www.landhouse.si\/de\/wp-json\/wp\/v2\/pages\/251\/revisions\/1947"}],"wp:attachment":[{"href":"https:\/\/www.landhouse.si\/de\/wp-json\/wp\/v2\/media?parent=251"}],"curies":[{"name":"wp","href":"https:\/\/api.w.org\/{rel}","templated":true}]}}