{"id":261,"date":"2025-04-14T11:26:31","date_gmt":"2025-04-14T09:26:31","guid":{"rendered":"https:\/\/landhouse.local\/?page_id=261"},"modified":"2025-06-20T14:30:52","modified_gmt":"2025-06-20T12:30:52","slug":"house-rules","status":"publish","type":"page","link":"https:\/\/www.landhouse.si\/en\/house-rules\/","title":{"rendered":"House rules"},"content":{"rendered":"<h3 class=\"wp-block-heading\">Prijava &amp; odjava<\/h3>\n\n\n\n<p>\u2705  Check-in: from 15:00 (self check-in \u2013 you will receive the code via email).<br>\u2705 Check-out: by 10:00 \u2013 please check that you haven\u2019t left anything behind.<\/p>\n\n\n\n<p>\ud83d\udca1 If you\u2019d like an early check-in or late check-out, let us know \u2013 if possible, we\u2019ll gladly accommodate you.<\/p>\n\n\n\n<h3 class=\"wp-block-heading\">Peace &amp; Relaxation<\/h3>\n\n\n\n<p>\ud83d\udd70\ufe0f Quiet hours: from 22:00 to 7:00.<br>Your relaxation matters to us, so please help us maintain a peaceful atmosphere during these hours.<\/p>\n\n\n\n<h3 class=\"wp-block-heading\">Breakfast \ud83c\udf7d\ufe0f<\/h3>\n\n\n\n<p>\ud83c\udf7d Breakfast is served daily from 7:30 to 10:00 in the dining room on the 1st floor.<\/p>\n\n\n\n<p>If the weather is nice \u2013 or if you prefer \u2013 you\u2019re welcome to enjoy it on the terrace.<\/p>\n\n\n\n<p>\ud83d\udca1 If you have special dietary requirements, just let us know \u2013 we\u2019ll be happy to accommodate.<\/p>\n\n\n\n<h3 class=\"wp-block-heading\">Honesty Bar \ud83c\udf77<\/h3>\n\n\n\n<p>Our self-service bar is available for you \u2013 simply take what you\u2019d like and mark it on the provided list. Payment is arranged at check-out.<\/p>\n\n\n\n<h3 class=\"wp-block-heading\">Wellness Use (sauna &amp; tub) \ud83d\udec1<\/h3>\n\n\n\n<p>\ud83d\udec1 Rooms with sauna or tub are for use by guests staying in those rooms only.<\/p>\n\n\n\n<p>Instructions are available next to the sauna entrance.<\/p>\n\n\n\n<h3 class=\"wp-block-heading\">Room Cleaning &amp; Towel Change \ud83e\uddf9\ud83d\udecf\ufe0f<\/h3>\n\n\n\n<p>\ud83e\uddf9 We respect your privacy and strive to keep cleaning as unobtrusive as possible.<\/p>\n\n\n\n<p>\u2705 Handtuchwechsel \ud83d\udec1 \u2013 legen Sie benutzte Handt\u00fccher einfach auf den Badezimmerboden, wenn Sie frische w\u00fcnschen.<br>\u010ce \u017eelite, da uredimo va\u0161o sobo, do 10:00 obesite obvestilo na vrata ali nam to sporo\u010dite.<\/p>\n\n\n\n<p>\u2705 Towel change \ud83d\udec1 \u2013 if you'd like fresh towels, simply place used ones on the bathroom floor.<\/p>\n\n\n\n<p>\ud83d\udca1 Need extra towels or mid-stay cleaning?<br>Let us know \u2013 we\u2019re happy to help! \ud83d\udcde<\/p>\n\n\n\n<p>\u267b\ufe0f Together we contribute to a greener world \u2013 towels are changed only as needed and cleaning is done upon request.<\/p>\n\n\n\n<h3 class=\"wp-block-heading\">Smoking \ud83d\udead<\/h3>\n\n\n\n<p>Our house is non-smoking. Smoking is allowed on room balconies, the shared terrace and outside the house.<\/p>\n\n\n\n<h3 class=\"wp-block-heading\">Pets \ud83d\udc3e<\/h3>\n\n\n\n<p>Due to the nature of our accommodation, we do not accept pets. Thank you for your understanding.<\/p>\n\n\n\n<h3 class=\"wp-block-heading\">Ostale koristne informacije<\/h3>\n\n\n\n<p>\ud83d\udca7 Tap water is drinkable \u2013 you\u2019ll find a carafe in your room you can refill.<br>\ud83d\ude97 Parking is free and located in front of the house.<br>\ud83d\udcde Need anything? Reach us at +386 31 69 15 15. <\/p>\n\n\n\n<p>Thank you for respecting our home and house rules \u2013 we wish you a wonderful stay! \ud83d\udc9b\u2728<\/p>","protected":false},"excerpt":{"rendered":"<p>Prijava &amp; odjava \u2705 Check-in: od 15:00 dalje (self check-in, kodo prejmete po e-mailu).\u2705 Check-out: do 10:00 \u2013 prosimo, da ob odhodu preverite, da niste ni\u010desar pozabili. \ud83d\udca1 \u010ce bi \u017eeleli zgodnjo prijavo ali pozno odjavo, nam sporo\u010dite \u2013 \u010de je mo\u017eno, vam z veseljem ugodimo. Mir in sprostitev \ud83d\udd70\ufe0f No\u010dni mir: od 22:00 do [&hellip;]<\/p>","protected":false},"author":1,"featured_media":0,"parent":0,"menu_order":0,"comment_status":"closed","ping_status":"closed","template":"","meta":{"iawp_total_views":30,"footnotes":""},"class_list":["post-261","page","type-page","status-publish","hentry"],"acpt":{"meta":[{"meta_box":"header","meta_fields":[{"name":"overlay-dark","type":"Toggle","options":[],"value":"0","default":"","required":false,"showInAdmin":false,"advancedOptions":[]},{"name":"feature","type":"Image","options":[],"value":null,"default":"","required":false,"showInAdmin":false,"advancedOptions":[]}]}]},"_links":{"self":[{"href":"https:\/\/www.landhouse.si\/en\/wp-json\/wp\/v2\/pages\/261","targetHints":{"allow":["GET"]}}],"collection":[{"href":"https:\/\/www.landhouse.si\/en\/wp-json\/wp\/v2\/pages"}],"about":[{"href":"https:\/\/www.landhouse.si\/en\/wp-json\/wp\/v2\/types\/page"}],"author":[{"embeddable":true,"href":"https:\/\/www.landhouse.si\/en\/wp-json\/wp\/v2\/users\/1"}],"replies":[{"embeddable":true,"href":"https:\/\/www.landhouse.si\/en\/wp-json\/wp\/v2\/comments?post=261"}],"version-history":[{"count":19,"href":"https:\/\/www.landhouse.si\/en\/wp-json\/wp\/v2\/pages\/261\/revisions"}],"predecessor-version":[{"id":2050,"href":"https:\/\/www.landhouse.si\/en\/wp-json\/wp\/v2\/pages\/261\/revisions\/2050"}],"wp:attachment":[{"href":"https:\/\/www.landhouse.si\/en\/wp-json\/wp\/v2\/media?parent=261"}],"curies":[{"name":"wp","href":"https:\/\/api.w.org\/{rel}","templated":true}]}}