{"id":334,"date":"2025-04-14T14:56:52","date_gmt":"2025-04-14T12:56:52","guid":{"rendered":"https:\/\/landhouse.local\/?page_id=334"},"modified":"2025-05-28T15:25:58","modified_gmt":"2025-05-28T13:25:58","slug":"terms-and-conditions","status":"publish","type":"page","link":"https:\/\/www.landhouse.si\/en\/terms-and-conditions\/","title":{"rendered":"Terms and Conditions"},"content":{"rendered":"<p><strong>Splo\u0161ni pogoji uporabe<\/strong><\/p>\n\n\n\n<p>Vsebine na spletni strani je priskrbelo podjetje&nbsp;Landhause d.o.o.<\/p>\n\n\n\n<p><strong>Varovanje podatkov<\/strong><\/p>\n\n\n\n<p>Podjetje Landhause d.o.o. hrani osebne podatke, ki jih po\u0161ljete preko spletne strani,&nbsp; za interno rabo in jih uporablja samo za komunikacijo potrebe oddanega povpra\u0161evanja.&nbsp;Uporabnik lahko kadarkoli zahteva izbris osebnih podatkov prek e-maila&nbsp;info@landhouse.si<\/p>\n\n\n\n<p><strong>PRAVILNIK O ZASEBNOSTI (SOBE)<\/strong><\/p>\n\n\n\n<ul class=\"wp-block-list\">\n<li>Zasebnost: Spo\u0161tujemo zasebnost vsakega posameznika, ki obi\u0161\u010de na\u0161o spletno stran. Na\u0161i pogoji opisujejo na\u010dine zbiranje podatkov ter njihovo kasnej\u0161o uporabo. Podjetje zbira va\u0161e podatke, kot so npr. ( ime, priimek, kontakt, e-naslov, po\u0161tni naslov, ter podatke kreditne kartice ), ker jih potrebujemo za obdelavo va\u0161e rezervacije, preko spletnega portala in jih potrebujemo, da lahko sprovedemo va\u0161o rezervacijo za no\u010ditev. Ob\u010dasno vam lahko na va\u0161 naslov posredujemo tudi kak\u0161en e-mail z obvestilo, katerega pa lahko vsekakor odklonite in nam to sporo\u010dite na e-mail:\u00a0<a href=\"mailto:info@landhouse.si\">info@landhouse.si<\/a>.<\/li>\n\n\n\n<li>S prejemom va\u0161ih podatkov, ki so potrebni za rezervacijo, se hkrati obvezujemo, da va\u0161ih podatkov ne bomo posredovali zunanjim organizacijam in s tem zagotavljamo, da ne bomo razkrili va\u0161e identitete, razen tistim organom, do katerih smo zakonsko dol\u017eni poro\u010dati, torej organom oblasti.<\/li>\n<\/ul>\n\n\n\n<ul class=\"wp-block-list\">\n<li>Prav tako obve\u0161\u010damo, da za vse povezave, ki omogo\u010dajo dostop do drugih spletnih mest ne odgovarjamo, prav tako za njihova ravnanja v zvezi z va\u0161o zasebnostjo ali vsebino.<\/li>\n\n\n\n<li>Ob tem poudarjamo, da kljub na\u0161im prizadevanjem za varnost va\u0161ih osebnih podatkov, ne sprejemamo nobene odgovornosti ali \u0161kode do vas, zato vas opozarjamo, da sprejemate vsa tveganja, ki so povezana z obiskom tega spletnega mesta.<\/li>\n\n\n\n<li>Iz razloga nezmo\u017enosti zagotavljanja varnosti proti tretjim osebam, vam svetujemo, da sprejmete vse potrebne varnostne ukrepe, saj jim s tem prepre\u010dite dostop do va\u0161ih osebnih gesel in kod.<\/li>\n<\/ul>\n\n\n\n<p>S privolitvijo torej sogla\u0161ate s pravnikom o zasebnosti.<\/p>\n\n\n\n<p><strong>Pogoji rezervacije:<\/strong><\/p>\n\n\n\n<p><strong>CENE NAMESTITVE<\/strong><\/p>\n\n\n\n<p>Vse cene so v eurih (EUR ) in vklju\u010dujejo DDV. Turisti\u010dna taksa je vklju\u010dena v ceno namestitve.<\/p>\n\n\n\n<p><strong>GARANCIJE<\/strong><\/p>\n\n\n\n<p>Vse rezervacije morajo biti garantirane s kreditno kartico, ki je veljavna v \u010dasu celotnega bivanja gosta. Posebni pogoji lahko veljajo za posebne ponudbe ter skupinske rezervacije.<\/p>\n\n\n\n<p><strong>ODPOVED<\/strong><\/p>\n\n\n\n<p>Za popravek ali odpoved rezervacije prosimo, da nam to \u010dim prej sporo\u010dite na na\u0161 elektronski naslov&nbsp;<a href=\"mailto:info@landhouse.si\">info@landhouse.si<\/a>&nbsp;ali nam osebno sporo\u010dite na na\u0161o telefonsko \u0161tevilko +386 (0) 31691515. Gost lahko brez stro\u0161kov odpove svojo rezervacijo najkasneje 14 dni &nbsp;pred prihodom.<\/p>\n\n\n\n<p>Do 14 dni pred prihodom: brez stro\u0161kov odpovedi<br>14 \u2013 7 dni pred prihodom: 40% zneska skupne cene<br>6 \u2013 0 dni pred prihodom: 100% zneska skupne cene<br>Pri pred\u010dasnem odhodu je potrebno pla\u010dati preostale dni no\u010ditve.<\/p>\n\n\n\n<p><strong>Pla\u010dilo<\/strong><\/p>\n\n\n\n<p>Mo\u017eni so naslednji na\u010dini pla\u010dila: Visa, Mastercard\/Eurocard, Maestro, gotovina, predra\u010dun.<\/p>\n\n\n\n<p><strong>Storitev<\/strong><\/p>\n\n\n\n<p>Osnovna storitev je no\u010ditev z zajtrkom.<\/p>\n\n\n\n<p><strong>Prijava gosta<\/strong><\/p>\n\n\n\n<p>Iz varnostnih razlogov morajo gostje ob prijavi imeti s seboj veljaven osebni dokument<br>(osebna izkaznica ali potni list).<\/p>\n\n\n\n<p><strong>Turisti\u010dna taksa<\/strong><\/p>\n\n\n\n<p>Se zara\u010duna vsem osebam po spodnjih pogojih odrejenih s strani Ob\u010dine Bled.<br>Odraslim se zara\u010duna turisti\u010dna taksa v vi\u0161ini 3,13\u20ac na osebo na no\u010d.<br><br><\/p>\n\n\n\n<p><strong>Hi\u0161ni ljubljen\u010dki<\/strong><\/p>\n\n\n\n<p>Hi\u0161ni ljubljen\u010dki niso dovoljeni.<\/p>\n\n\n\n<p><strong>Kajenje<\/strong><\/p>\n\n\n\n<p>Kajenje v notranjih prostorih je prepovedano. Gostom je kajenje omogo\u010deno na zunanjih<br>povr\u0161inah.<\/p>\n\n\n\n<p><strong>Parkiri\u0161\u010de<\/strong><\/p>\n\n\n\n<p>Gostom je na voljo brezpla\u010dno zunanje parkiri\u0161\u010de. Namestitev ne sprejema odgovornosti za varnost vozil, po\u0161kodbe vozil ali za stvari shranjene v njem.<\/p>\n\n\n\n<p><strong>Pred\u010dasni odhod<\/strong><\/p>\n\n\n\n<p>Landhouse Bled ni dol\u017ean vrniti gostu\/stranki vrednosti no\u010ditve za pred\u010dasni odhod. Za morebitne izjeme glede na razlog pred\u010dasnega odhoda, je potrebna odobritev s strani vodstva.<\/p>\n\n\n\n<p><strong>Darilni boni<\/strong><\/p>\n\n\n\n<p>Darilni bon je veljaven do izteka datuma veljavnosti, ki je naveden na vsakem posami\u010dnem<br>darilnem bonu. V kolikor na darilnem bonu datum veljavnost ni zapisan, se \u0161teje, da je darilni bon veljaven eno leto od datuma izdaje. Darilne bone je potrebno predlo\u017eiti pred kori\u0161\u010denjem storitev v gostinstvu in ob prijavi v penzion na recepciji. Bon ni mo\u017eno zamenjati za denar.<\/p>\n\n\n\n<p><strong>Veljavno pravo<\/strong><\/p>\n\n\n\n<p>Za te splo\u0161ne pogoje velja slovenska zakonodaja. Stranki se dogovorita za izklju\u010dno<br>pristojnost slovenskih sodi\u0161\u010d. Varovanje zasebnosti. Landhouse Bled vse pridobljene podatke o gostih varuje v skladu z&nbsp;Zakonom o varstvu osebnih podatkov. \u0160teje se, da gost s sprejemom ponudbe pristaja na uporabo teh podatkov tudi za namene statisti\u010dne obdelave in obve\u0161\u010danja o ponudbah. Ob prijavi v namestitev je potrebno predlo\u017eiti osebni dokument.<\/p>\n\n\n\n<p><strong>Dragocenosti <\/strong>Za stvari, ki jih je stranka prinesla s seboj, jam\u010di Landhouse Bled v skladu z zakonskimi dolo\u010dili le v primeru, \u010de je \u0161koda povezana s kr\u0161itvijo dol\u017enosti s strani penziona. Priporo\u010damo, da stranka shrani svoje dragocenosti v sefu.<\/p>\n\n\n\n<p><strong>Reklamacije<\/strong><br>\u010ce imate reklamacijo ali prito\u017ebo, nam jo posredujte na elektronski naslov <a href=\"mailto:info@landhouse.si\">info@landhouse.si<\/a> ali pokli\u010dite na telefon&nbsp;+386(31)691515. Prito\u017eba bo obravnavana in re\u0161ena najkasneje v 48 urah.<\/p>\n\n\n\n<p><strong>Valuta<\/strong><br>Vse cene so v valuti evro (\u20ac \/ EUR) in imajo vklju\u010den DDV.<\/p>","protected":false},"excerpt":{"rendered":"<p>Splo\u0161ni pogoji uporabe Vsebine na spletni strani je priskrbelo podjetje&nbsp;Landhause d.o.o. Varovanje podatkov Podjetje Landhause d.o.o. hrani osebne podatke, ki jih po\u0161ljete preko spletne strani,&nbsp; za interno rabo in jih uporablja samo za komunikacijo potrebe oddanega povpra\u0161evanja.&nbsp;Uporabnik lahko kadarkoli zahteva izbris osebnih podatkov prek e-maila&nbsp;info@landhouse.si PRAVILNIK O ZASEBNOSTI (SOBE) S privolitvijo torej sogla\u0161ate s pravnikom [&hellip;]<\/p>","protected":false},"author":1,"featured_media":0,"parent":0,"menu_order":0,"comment_status":"closed","ping_status":"closed","template":"","meta":{"iawp_total_views":9,"footnotes":""},"class_list":["post-334","page","type-page","status-publish","hentry"],"acpt":{"meta":[{"meta_box":"header","meta_fields":[{"name":"overlay-dark","type":"Toggle","options":[],"value":"0","default":"","required":false,"showInAdmin":false,"advancedOptions":[]},{"name":"feature","type":"Image","options":[],"value":null,"default":"","required":false,"showInAdmin":false,"advancedOptions":[]}]}]},"_links":{"self":[{"href":"https:\/\/www.landhouse.si\/en\/wp-json\/wp\/v2\/pages\/334","targetHints":{"allow":["GET"]}}],"collection":[{"href":"https:\/\/www.landhouse.si\/en\/wp-json\/wp\/v2\/pages"}],"about":[{"href":"https:\/\/www.landhouse.si\/en\/wp-json\/wp\/v2\/types\/page"}],"author":[{"embeddable":true,"href":"https:\/\/www.landhouse.si\/en\/wp-json\/wp\/v2\/users\/1"}],"replies":[{"embeddable":true,"href":"https:\/\/www.landhouse.si\/en\/wp-json\/wp\/v2\/comments?post=334"}],"version-history":[{"count":4,"href":"https:\/\/www.landhouse.si\/en\/wp-json\/wp\/v2\/pages\/334\/revisions"}],"predecessor-version":[{"id":1954,"href":"https:\/\/www.landhouse.si\/en\/wp-json\/wp\/v2\/pages\/334\/revisions\/1954"}],"wp:attachment":[{"href":"https:\/\/www.landhouse.si\/en\/wp-json\/wp\/v2\/media?parent=334"}],"curies":[{"name":"wp","href":"https:\/\/api.w.org\/{rel}","templated":true}]}}