{"id":1474,"date":"2025-05-14T14:37:47","date_gmt":"2025-05-14T12:37:47","guid":{"rendered":"https:\/\/www.landhouse.si\/?post_type=product&#038;p=1474"},"modified":"2025-05-20T12:32:33","modified_gmt":"2025-05-20T10:32:33","slug":"penina-rose-extra-brut-natur-frelih","status":"publish","type":"product","link":"https:\/\/www.landhouse.si\/en\/product-2\/penina-rose-extra-brut-natur-frelih\/","title":{"rendered":"Penina rose extra brut natur &#8211; Frelih"},"content":{"rendered":"<p>Klasi\u010dna metoda, 100% \u017dametna \u010drnina<\/p>","protected":false},"excerpt":{"rendered":"<p>Klasi\u010dna metoda, 100% \u017dametna \u010drnina<\/p>","protected":false},"featured_media":0,"comment_status":"open","ping_status":"closed","template":"","meta":{"iawp_total_views":0},"product_brand":[],"product_cat":[19,18],"product_tag":[],"class_list":{"0":"post-1474","1":"product","2":"type-product","3":"status-publish","5":"product_cat-peneca-vina","6":"product_cat-vina","8":"first","9":"instock","10":"shipping-taxable","11":"purchasable","12":"product-type-simple"},"_links":{"self":[{"href":"https:\/\/www.landhouse.si\/en\/wp-json\/wp\/v2\/product\/1474","targetHints":{"allow":["GET"]}}],"collection":[{"href":"https:\/\/www.landhouse.si\/en\/wp-json\/wp\/v2\/product"}],"about":[{"href":"https:\/\/www.landhouse.si\/en\/wp-json\/wp\/v2\/types\/product"}],"replies":[{"embeddable":true,"href":"https:\/\/www.landhouse.si\/en\/wp-json\/wp\/v2\/comments?post=1474"}],"wp:attachment":[{"href":"https:\/\/www.landhouse.si\/en\/wp-json\/wp\/v2\/media?parent=1474"}],"wp:term":[{"taxonomy":"product_brand","embeddable":true,"href":"https:\/\/www.landhouse.si\/en\/wp-json\/wp\/v2\/product_brand?post=1474"},{"taxonomy":"product_cat","embeddable":true,"href":"https:\/\/www.landhouse.si\/en\/wp-json\/wp\/v2\/product_cat?post=1474"},{"taxonomy":"product_tag","embeddable":true,"href":"https:\/\/www.landhouse.si\/en\/wp-json\/wp\/v2\/product_tag?post=1474"}],"curies":[{"name":"wp","href":"https:\/\/api.w.org\/{rel}","templated":true}]}}